{"id":87,"date":"2013-08-11T19:06:15","date_gmt":"2013-08-11T19:06:15","guid":{"rendered":"http:\/\/localhost:8888\/test\/?page_id=520"},"modified":"2019-09-24T14:10:58","modified_gmt":"2019-09-24T14:10:58","slug":"about","status":"publish","type":"page","link":"https:\/\/masi-rugs.de\/?page_id=87","title":{"rendered":"\u00dcber Uns"},"content":{"rendered":"\n\t<section class=\"section\" id=\"section_537003496\">\n\t\t<div class=\"bg section-bg fill bg-fill  bg-loaded\" >\n\n\t\t\t\n\t\t\t\n\t\t\t\n\n\t\t<\/div>\n\n\t\t\n\n\t\t<div class=\"section-content relative\">\n\t\t\t\n\n<div class=\"row\"  id=\"row-1593686140\">\n\n\n\t<div id=\"col-1887179492\" class=\"col medium-3 small-12 large-3\"  >\n\t\t\t\t<div class=\"col-inner\"  >\n\t\t\t\n\t\t\t\n\n\t<div id=\"gap-497512680\" class=\"gap-element clearfix\" style=\"display:block; height:auto;\">\n\t\t\n<style>\n#gap-497512680 {\n  padding-top: 23px;\n}\n<\/style>\n\t<\/div>\n\t\n\n\n  <div class=\"banner has-hover\" id=\"banner-1785707252\">\n          <div class=\"banner-inner fill\">\n        <div class=\"banner-bg fill\" >\n            <div class=\"bg fill bg-fill \"><\/div>\n                                    \n                    <\/div>\n\t\t\n        <div class=\"banner-layers container\">\n            <div class=\"fill banner-link\"><\/div>            \n\n   <div id=\"text-box-1815503165\" class=\"text-box banner-layer x50 md-x50 lg-x50 y50 md-y50 lg-y50 res-text\">\n                                <div class=\"text-box-content text dark\">\n              \n              <div class=\"text-inner text-center\">\n                  \n\n\n              <\/div>\n           <\/div>\n                            \n<style>\n#text-box-1815503165 {\n  width: 60%;\n}\n#text-box-1815503165 .text-box-content {\n  font-size: 100%;\n}\n@media (min-width:550px) {\n  #text-box-1815503165 {\n    width: 60%;\n  }\n}\n<\/style>\n    <\/div>\n \n\n        <\/div>\n      <\/div>\n\n            \n<style>\n#banner-1785707252 {\n  padding-top: 380px;\n}\n#banner-1785707252 .bg.bg-loaded {\n  background-image: url(https:\/\/masi-rugs.de\/wp-content\/uploads\/2019\/05\/IMG_1463.jpg);\n}\n#banner-1785707252 .bg {\n  background-position: 6% 40%;\n}\n#banner-1785707252 .ux-shape-divider--top svg {\n  height: 150px;\n  --divider-top-width: 100%;\n}\n#banner-1785707252 .ux-shape-divider--bottom svg {\n  height: 150px;\n  --divider-width: 100%;\n}\n<\/style>\n  <\/div>\n\n\n\n\t\t<\/div>\n\t\t\t\t\t<\/div>\n\n\t\n\n\t<div id=\"col-1452463612\" class=\"col medium-6 small-12 large-6\"  >\n\t\t\t\t<div class=\"col-inner\"  >\n\t\t\t\n\t\t\t\n\n<h1><strong><span style=\"font-size: 80%;\">Zu meiner Person<\/span><\/strong><\/h1>\n<p align=\"justify\"><span style=\"font-size: 100%; color: #282828;\">Ich bin Masi, ein Bonner Jung\u2018 mit Herz und Seele. Ich bin in Bonn aufgewachsen und habe seit&nbsp;meiner Kindheit die Philosophie meines Vaters, Herrn Vazirian, miterleben d\u00fcrfen. Mit gro\u00dfer&nbsp;Freude m\u00f6chte ich eine neue Generation einzigartiger Teppichkunst einl\u00e4uten. Mein Wunsch ist es,&nbsp;Ihnen die Welt der Teppiche n\u00e4her zu bringen und Ihnen zu demonstrieren, dass Teppiche auch in&nbsp;modernen Wohnungen stilgerecht zur Geltung kommen. Ich habe die Erfahrung, die ist seit&nbsp;Kindheitstagen sammeln durfte verwendet um den Familienbetrieb zu \u00fcbernehmen und vollst\u00e4ndig&nbsp;zu modernisieren. Dar\u00fcber hinaus stehe ich Ihnen tatkr\u00e4ftig als Gutachter und als Berater zur Seite.&nbsp;Ich lasse mich auf die W\u00fcnsche meiner Kunden ein und komme Ihnen mit allem was in meiner Macht&nbsp;steht entgegen, damit auch Sie unsere Philosophie kennenlernen d\u00fcrfen. So pr\u00e4sentiere ich Ihnen bis&nbsp;zu einem Umkreis von 50km die Teppiche pers\u00f6nlich in Ihrer Wohnung, damit auch letzte Zweifel&nbsp;verschwinden und Sie ein Wohlf\u00fchlgef\u00fchl versp\u00fcren, wenn Sie erst einmal einen unserer Teppiche in&nbsp;Ihrer Wohnung liegen sehen. Denn wie ich zu sagen pflege: Ein echter Teppich ist wie ein&nbsp;Langzeiturlaub f\u00fcr das eigene Zuhause. An Lebensqualit\u00e4t nicht zu \u00fcberbieten..<\/span><\/p>\n\n\t\t<\/div>\n\t\t\t\t\n<style>\n#col-1452463612 > .col-inner {\n  padding: 0px 10px 0px 20px;\n}\n<\/style>\n\t<\/div>\n\n\t\n\n<\/div>\n\n\t\t<\/div>\n\n\t\t\n<style>\n#section_537003496 {\n  padding-top: 30px;\n  padding-bottom: 30px;\n}\n#section_537003496 .ux-shape-divider--top svg {\n  height: 150px;\n  --divider-top-width: 100%;\n}\n#section_537003496 .ux-shape-divider--bottom svg {\n  height: 150px;\n  --divider-width: 100%;\n}\n<\/style>\n\t<\/section>\n\t\n\n  <div class=\"banner has-hover\" id=\"banner-627403041\">\n          <div class=\"banner-inner fill\">\n        <div class=\"banner-bg fill\" >\n            <div class=\"bg fill bg-fill \"><\/div>\n                        <div class=\"overlay\"><\/div>            \n                    <\/div>\n\t\t\n        <div class=\"banner-layers container\">\n            <div class=\"fill banner-link\"><\/div>            \n\n   <div id=\"text-box-1653941820\" class=\"text-box banner-layer x50 md-x50 lg-x50 y50 md-y50 lg-y50 res-text\">\n                                <div class=\"text-box-content text dark\">\n              \n              <div class=\"text-inner text-center\">\n                  \n\n<h2><strong>Unsere Philosophie<\/strong><\/h2>\n\n              <\/div>\n           <\/div>\n                            \n<style>\n#text-box-1653941820 {\n  width: 60%;\n}\n#text-box-1653941820 .text-box-content {\n  font-size: 100%;\n}\n@media (min-width:550px) {\n  #text-box-1653941820 {\n    width: 60%;\n  }\n}\n<\/style>\n    <\/div>\n \n\n        <\/div>\n      <\/div>\n\n            \n<style>\n#banner-627403041 {\n  padding-top: 250px;\n}\n#banner-627403041 .overlay {\n  background-color: rgba(0,0,0,.5);\n}\n#banner-627403041 .ux-shape-divider--top svg {\n  height: 150px;\n  --divider-top-width: 100%;\n}\n#banner-627403041 .ux-shape-divider--bottom svg {\n  height: 150px;\n  --divider-width: 100%;\n}\n<\/style>\n  <\/div>\n\n\n\t<section class=\"section\" id=\"section_817185016\">\n\t\t<div class=\"bg section-bg fill bg-fill  bg-loaded\" >\n\n\t\t\t\n\t\t\t\n\t\t\t\n\n\t\t<\/div>\n\n\t\t\n\n\t\t<div class=\"section-content relative\">\n\t\t\t\n\n\t<div id=\"gap-1133460969\" class=\"gap-element clearfix\" style=\"display:block; height:auto;\">\n\t\t\n<style>\n#gap-1133460969 {\n  padding-top: 40px;\n}\n<\/style>\n\t<\/div>\n\t\n\n<div class=\"row align-center\"  id=\"row-301275201\">\n\n\n\t<div id=\"col-411546787\" class=\"col medium-5 small-10 large-5\"  >\n\t\t\t\t<div class=\"col-inner\"  >\n\t\t\t\n\t\t\t\n\n<h2><strong>Unsere Ware beziehen wir direkt aus den Ursprungsl\u00e4ndern<\/strong><\/h2>\n<h2 class=\"uppercase\">\u00a0<\/h2>\n\t<div class=\"img has-hover x md-x lg-x y md-y lg-y\" id=\"image_2109499156\">\n\t\t\t\t\t\t\t\t<div class=\"img-inner image-cover dark\" style=\"padding-top:110%;\">\n\t\t\t<img width=\"601\" height=\"597\" src=\"https:\/\/masi-rugs.de\/wp-content\/uploads\/2019\/04\/masi-rugs.jpg\" class=\"attachment-large size-large\" alt=\"\" decoding=\"async\" loading=\"lazy\" srcset=\"https:\/\/masi-rugs.de\/wp-content\/uploads\/2019\/04\/masi-rugs.jpg 601w, https:\/\/masi-rugs.de\/wp-content\/uploads\/2019\/04\/masi-rugs-403x400.jpg 403w, https:\/\/masi-rugs.de\/wp-content\/uploads\/2019\/04\/masi-rugs-510x507.jpg 510w, https:\/\/masi-rugs.de\/wp-content\/uploads\/2019\/04\/masi-rugs-100x100.jpg 100w\" sizes=\"(max-width: 601px) 100vw, 601px\" \/>\t\t\t\t\t\t\n\t\t\t\t\t<\/div>\n\t\t\t\t\t\t\t\t\n<style>\n#image_2109499156 {\n  width: 100%;\n}\n<\/style>\n\t<\/div>\n\t\n\n\n\t\t<\/div>\n\t\t\t\t\t<\/div>\n\n\t\n\n\t<div id=\"col-1186148725\" class=\"col medium-5 small-10 large-5\"  >\n\t\t\t\t<div class=\"col-inner\"  >\n\t\t\t\n\t\t\t\n\n<p align=\"justify\">&nbsp;<\/p>\n<p align=\"justify\">&nbsp;<\/p>\n<p align=\"justify\"><span style=\"font-size: 100%; color: #000000;\" data-line-height=\"l\">Seit mehr als drei Jahrzehnten hat unser Familienbetrieb nun einen festen Platz im Herzen von Bonn.&nbsp;\u00dcber diesen Zeitraum hinweg haben wir nicht nur unseren erstklassigen Kundenservice&nbsp;perfektioniert, sondern haben auch eine Philosophie auf die Beine gestellt, an der wir Sie teilhaben&nbsp;lassen m\u00f6chten. Als gr\u00f6\u00dftes Fachgesch\u00e4ft in Bonn und Umgebung legen wir h\u00f6chsten Wert auf&nbsp;Qualit\u00e4t und m\u00f6chten selbstverst\u00e4ndlich unsere Kundschaft davon profitieren lassen. Im Laufe&nbsp;unserer mehr als 30 Gesch\u00e4ftsjahre haben wir Kontakt zu Gesch\u00e4ftspartnern in aller Welt aufgebaut.&nbsp;Unsere Ware beziehen wir daher direkt aus den Ursprungsl\u00e4ndern. Wir garantieren Ihnen somit&nbsp;einen fachkompetenten Kundenservice, authentische und qualitativ hochwertige Teppiche, die in&nbsp;Handarbeit gefertigt wurden. Dabei stellen wir Ihnen ein weit gef\u00e4chertes Ensemble zur Verf\u00fcgung.&nbsp;Von modernen Designer Teppichen bis hin zu klassischen Perserteppichen \u2013 f\u00fcr jeden Geschmack ist&nbsp;etwas dabei.<\/span><!--more--><\/p>\n\n\t\t<\/div>\n\t\t\t\t\t<\/div>\n\n\t\n\n<\/div>\n\n\t\t<\/div>\n\n\t\t\n<style>\n#section_817185016 {\n  padding-top: 30px;\n  padding-bottom: 30px;\n}\n#section_817185016 .ux-shape-divider--top svg {\n  height: 150px;\n  --divider-top-width: 100%;\n}\n#section_817185016 .ux-shape-divider--bottom svg {\n  height: 150px;\n  --divider-width: 100%;\n}\n<\/style>\n\t<\/section>\n\t\n\n","protected":false},"excerpt":{"rendered":"<p>&nbsp; &nbsp; Seit mehr als drei Jahrzehnten hat unser Familienbetrieb nun einen festen Platz im Herzen von Bonn.&nbsp;\u00dcber diesen Zeitraum hinweg haben wir nicht nur unseren erstklassigen Kundenservice&nbsp;perfektioniert, sondern haben auch eine Philosophie auf die Beine gestellt, an der wir Sie teilhaben&nbsp;lassen m\u00f6chten. Als gr\u00f6\u00dftes Fachgesch\u00e4ft in Bonn und Umgebung legen wir h\u00f6chsten Wert auf&nbsp;Qualit\u00e4t [&#8230;]\n","protected":false},"author":2,"featured_media":0,"parent":0,"menu_order":0,"comment_status":"closed","ping_status":"closed","template":"page-blank.php","meta":[],"_links":{"self":[{"href":"https:\/\/masi-rugs.de\/index.php?rest_route=\/wp\/v2\/pages\/87"}],"collection":[{"href":"https:\/\/masi-rugs.de\/index.php?rest_route=\/wp\/v2\/pages"}],"about":[{"href":"https:\/\/masi-rugs.de\/index.php?rest_route=\/wp\/v2\/types\/page"}],"author":[{"embeddable":true,"href":"https:\/\/masi-rugs.de\/index.php?rest_route=\/wp\/v2\/users\/2"}],"replies":[{"embeddable":true,"href":"https:\/\/masi-rugs.de\/index.php?rest_route=%2Fwp%2Fv2%2Fcomments&post=87"}],"version-history":[{"count":56,"href":"https:\/\/masi-rugs.de\/index.php?rest_route=\/wp\/v2\/pages\/87\/revisions"}],"predecessor-version":[{"id":2587,"href":"https:\/\/masi-rugs.de\/index.php?rest_route=\/wp\/v2\/pages\/87\/revisions\/2587"}],"wp:attachment":[{"href":"https:\/\/masi-rugs.de\/index.php?rest_route=%2Fwp%2Fv2%2Fmedia&parent=87"}],"curies":[{"name":"wp","href":"https:\/\/api.w.org\/{rel}","templated":true}]}}