{"id":82,"date":"2013-08-11T20:13:42","date_gmt":"2013-08-11T20:13:42","guid":{"rendered":"http:\/\/localhost:8888\/test\/?page_id=545"},"modified":"2019-06-11T14:54:01","modified_gmt":"2019-06-11T14:54:01","slug":"faq","status":"publish","type":"page","link":"https:\/\/masi-rugs.de\/?page_id=82","title":{"rendered":"Teppichw\u00e4sche"},"content":{"rendered":"\n<div class=\"row\"  id=\"row-8943411\">\n\n\n\t<div id=\"col-577855648\" class=\"col medium-4 small-12 large-4\"  >\n\t\t\t\t<div class=\"col-inner\"  >\n\t\t\t\n\t\t\t\n\n\n  <div class=\"banner has-hover\" id=\"banner-1492899433\">\n          <div class=\"banner-inner fill\">\n        <div class=\"banner-bg fill\" >\n            <div class=\"bg fill bg-fill \"><\/div>\n                                    \n                    <\/div>\n\t\t\n        <div class=\"banner-layers container\">\n            <div class=\"fill banner-link\"><\/div>            \n\n   <div id=\"text-box-979899483\" class=\"text-box banner-layer x50 md-x50 lg-x50 y50 md-y50 lg-y50 res-text\">\n                                <div class=\"text-box-content text dark\">\n              \n              <div class=\"text-inner text-center\">\n                  \n\n\n              <\/div>\n           <\/div>\n                            \n<style>\n#text-box-979899483 {\n  width: 60%;\n}\n#text-box-979899483 .text-box-content {\n  font-size: 100%;\n}\n@media (min-width:550px) {\n  #text-box-979899483 {\n    width: 60%;\n  }\n}\n<\/style>\n    <\/div>\n \n\n        <\/div>\n      <\/div>\n\n            \n<style>\n#banner-1492899433 {\n  padding-top: 362px;\n}\n#banner-1492899433 .bg.bg-loaded {\n  background-image: url(https:\/\/masi-rugs.de\/wp-content\/uploads\/2019\/05\/IMG_1464-1055x800.jpg);\n}\n#banner-1492899433 .bg {\n  background-position: 50% 51%;\n}\n#banner-1492899433 .ux-shape-divider--top svg {\n  height: 150px;\n  --divider-top-width: 100%;\n}\n#banner-1492899433 .ux-shape-divider--bottom svg {\n  height: 150px;\n  --divider-width: 100%;\n}\n<\/style>\n  <\/div>\n\n\n\n\t\t<\/div>\n\t\t\t\t\t<\/div>\n\n\t\n\n\t<div id=\"col-1905682365\" class=\"col medium-8 small-12 large-8\"  >\n\t\t\t\t<div class=\"col-inner\"  >\n\t\t\t\n\t\t\t\n\n<h1><strong><span style=\"font-size: 80%;\">Teppichw\u00e4sche <\/span><\/strong><\/h1>\n<p><p align=\"justify\"><span style=\"font-size: 100%; color: #282828;\">Wir wollen nur das Beste f\u00fcr Ihren Teppich! Bei uns wird Ihr Teppich nach altbew\u00e4hrter Tradition gewaschen \u2013 per Hand und ohne den Einsatz chemischer Reinigungsmittel. Wir bringen jahrzehntelange Erfahrung im Bereich der Teppichw\u00e4scherei mit und wollen Sie davon profitieren lassen. Durch die schonende Handw\u00e4sche kommen nicht nur die Farben wieder prachtvoll zur Geltung. Wir gew\u00e4hrleisten Ihnen, dass die W\u00e4sche schonend wie m\u00f6glich abl\u00e4uft. Das bedeutet, dass wir ausschlie\u00dflich eine biologische Lauge aus Kernseife verwenden. Das Material bleibt durch den Einsatz dieser Seifenlauge unbeschadet und genie\u00dft dabei die beste Behandlung die sie erhalten kann. So k\u00f6nnen Sie sich noch viele Jahre an Ihrem Teppich erfreuen. Ideal f\u00fcr alle Macharten.<br \/>Hat Ihr Teppich Schaden genommen und bedarf einer Reparatur? Mit uns an Ihrer Seite kein Problem! Unser hauseigener Teppichmeister stellt sich jederHerausforderung. Mit mehr als 3 Dekaden Erfahrung im Bereich der Teppichreparatur l\u00f6sen wir jedes Problem.<br \/>Ein Teppich tr\u00e4gt zur Lebensqualit\u00e4t bei und wir helfen Ihnen diese zu erhalten.<\/span><\/p>\n\n\t\t<\/div>\n\t\t\t\t\t<\/div>\n\n\t\n\n<\/div>\n\n","protected":false},"excerpt":{"rendered":"","protected":false},"author":2,"featured_media":0,"parent":44,"menu_order":0,"comment_status":"closed","ping_status":"closed","template":"","meta":[],"_links":{"self":[{"href":"https:\/\/masi-rugs.de\/index.php?rest_route=\/wp\/v2\/pages\/82"}],"collection":[{"href":"https:\/\/masi-rugs.de\/index.php?rest_route=\/wp\/v2\/pages"}],"about":[{"href":"https:\/\/masi-rugs.de\/index.php?rest_route=\/wp\/v2\/types\/page"}],"author":[{"embeddable":true,"href":"https:\/\/masi-rugs.de\/index.php?rest_route=\/wp\/v2\/users\/2"}],"replies":[{"embeddable":true,"href":"https:\/\/masi-rugs.de\/index.php?rest_route=%2Fwp%2Fv2%2Fcomments&post=82"}],"version-history":[{"count":12,"href":"https:\/\/masi-rugs.de\/index.php?rest_route=\/wp\/v2\/pages\/82\/revisions"}],"predecessor-version":[{"id":2311,"href":"https:\/\/masi-rugs.de\/index.php?rest_route=\/wp\/v2\/pages\/82\/revisions\/2311"}],"up":[{"embeddable":true,"href":"https:\/\/masi-rugs.de\/index.php?rest_route=\/wp\/v2\/pages\/44"}],"wp:attachment":[{"href":"https:\/\/masi-rugs.de\/index.php?rest_route=%2Fwp%2Fv2%2Fmedia&parent=82"}],"curies":[{"name":"wp","href":"https:\/\/api.w.org\/{rel}","templated":true}]}}